{"id":19,"date":"2024-09-25T00:42:48","date_gmt":"2024-09-25T00:42:48","guid":{"rendered":"https:\/\/sportsxtravel.com\/?page_id=19"},"modified":"2024-12-05T17:15:46","modified_gmt":"2024-12-05T17:15:46","slug":"about-us","status":"publish","type":"page","link":"https:\/\/sportsxtravel.com\/es\/about-us\/","title":{"rendered":"Acerca de"},"content":{"rendered":"<figure class=\"wp-block-image alignleft size-large is-resized\"><img loading=\"lazy\" decoding=\"async\" width=\"473\" height=\"1024\" src=\"https:\/\/sportsxtravel.com\/wp-content\/uploads\/2024\/09\/about-us-left-banner-473x1024.jpg\" alt=\"\" class=\"wp-image-126\" style=\"width:489px;height:auto\" srcset=\"https:\/\/sportsxtravel.com\/wp-content\/uploads\/2024\/09\/about-us-left-banner-473x1024.jpg 473w, https:\/\/sportsxtravel.com\/wp-content\/uploads\/2024\/09\/about-us-left-banner-139x300.jpg 139w, https:\/\/sportsxtravel.com\/wp-content\/uploads\/2024\/09\/about-us-left-banner-768x1663.jpg 768w, https:\/\/sportsxtravel.com\/wp-content\/uploads\/2024\/09\/about-us-left-banner-709x1536.jpg 709w, https:\/\/sportsxtravel.com\/wp-content\/uploads\/2024\/09\/about-us-left-banner-946x2048.jpg 946w, https:\/\/sportsxtravel.com\/wp-content\/uploads\/2024\/09\/about-us-left-banner-6x12.jpg 6w, https:\/\/sportsxtravel.com\/wp-content\/uploads\/2024\/09\/about-us-left-banner.jpg 1000w\" sizes=\"auto, (max-width: 473px) 100vw, 473px\" \/><\/figure>\n\n\n\n<h2 class=\"wp-block-heading\">Viajes inolvidables adaptados a tus intereses y necesidades<\/h2>\n\n\n\n<h3 class=\"wp-block-heading\">Nuestra misi\u00f3n<\/h3>\n\n\n\n<p class=\"has-medium-font-size\">En SportsXplore Travel, nuestra misi\u00f3n es proporcionarte experiencias de viaje inolvidables que est\u00e9n adaptadas a tus intereses y necesidades. Creemos que viajar tiene el poder de transformar y enriquecer nuestras vidas, y estamos comprometidos a hacerlo accesible para todos.<\/p>\n\n\n\n<h3 class=\"wp-block-heading\">Nuestra Visi\u00f3n<\/h3>\n\n\n\n<p>To be the prefered local sports travel agency for our customers. We believe in finding a problem and solve it with humility and grace. We believe we have a model that will make us be known as the agency that is changing the game for Sports Youth Travel in US.<\/p>\n\n\n\n<h3 class=\"wp-block-heading\">Nuestra experiencia<\/h3>\n\n\n\n<p>Contamos con las herramientas, la red y la experiencia para ayudarte a planificar tu viaje, ya sea dentro de los Estados Unidos o en cualquier parte del mundo. Trabajamos tanto con personas que desean viajar para ver a sus equipos deportivos favoritos o conciertos, como con equipos deportivos juveniles que necesitan apoyo para gestionar la log\u00edstica de sus partidos de liga o torneos. Nuestro modelo \u00fanico no solo maximiza el ahorro para nuestros clientes, sino que tambi\u00e9n genera ingresos adicionales para los equipos. Al final, nos adaptamos a las necesidades de nuestros clientes, sean cuales sean. <\/p>\n\n\n\n<h3 class=\"wp-block-heading\">Conoce al equipo<\/h3>\n\n\n\n<p>Con m\u00e1s de 15 a\u00f1os de experiencia en marketing en grandes corporaciones internacionales y m\u00e1s de dos d\u00e9cadas asistiendo a eventos deportivos alrededor del mundo, identifiqu\u00e9 a dos tipos de clientes desatendidos. <\/p>\n\n\n\n<figure class=\"wp-block-image alignright size-large is-resized\"><img loading=\"lazy\" decoding=\"async\" width=\"1024\" height=\"1024\" src=\"https:\/\/sportsxtravel.com\/wp-content\/uploads\/2024\/10\/IMG_20220614_150809_224-1024x1024.webp\" alt=\"Viktor Xavier\" class=\"wp-image-212\" style=\"width:206px;height:auto\" srcset=\"https:\/\/sportsxtravel.com\/wp-content\/uploads\/2024\/10\/IMG_20220614_150809_224-1024x1024.webp 1024w, https:\/\/sportsxtravel.com\/wp-content\/uploads\/2024\/10\/IMG_20220614_150809_224-300x300.webp 300w, https:\/\/sportsxtravel.com\/wp-content\/uploads\/2024\/10\/IMG_20220614_150809_224-150x150.webp 150w, https:\/\/sportsxtravel.com\/wp-content\/uploads\/2024\/10\/IMG_20220614_150809_224-768x768.webp 768w, https:\/\/sportsxtravel.com\/wp-content\/uploads\/2024\/10\/IMG_20220614_150809_224-12x12.webp 12w, https:\/\/sportsxtravel.com\/wp-content\/uploads\/2024\/10\/IMG_20220614_150809_224-400x400.webp 400w, https:\/\/sportsxtravel.com\/wp-content\/uploads\/2024\/10\/IMG_20220614_150809_224-100x100.webp 100w, https:\/\/sportsxtravel.com\/wp-content\/uploads\/2024\/10\/IMG_20220614_150809_224-600x600.webp 600w, https:\/\/sportsxtravel.com\/wp-content\/uploads\/2024\/10\/IMG_20220614_150809_224.webp 1440w\" sizes=\"auto, (max-width: 1024px) 100vw, 1024px\" \/><\/figure>\n\n\n\n<p>The first group: Latin American sports enthusiasts who dream of coming to the U.S. to watch their favorite teams play. These customers seek unique experiences and local expertise that they can&#8217;t find through a home-based agency.<\/p>\n\n\n\n<p>El segundo grupo: Equipos deportivos juveniles que viajan con frecuencia para torneos y partidos. A menudo, la responsabilidad de organizar estos viajes recae en gerentes de equipo voluntarios que ya tienen trabajos de tiempo completo. Vi una oportunidad para ser su mano derecha, simplificando la log\u00edstica de los viajes, negociando directamente con hoteles y aerol\u00edneas, y resolviendo este importante desaf\u00edo. Adem\u00e1s, el negocio est\u00e1 comprometido con retribuir a la comunidad, ya que creemos firmemente que apoyando las causas sociales, es un paso hacia una sociedad m\u00e1s unida.<\/p>\n\n\n\n<p><strong>Mi Experiencia como Aficionado Deportivo:<\/strong><br>Desde presenciar a Aaron Rodgers llevar a los Green Bay Packers a la victoria en el Super Bowl, y ver a Vince Young y a los Texas Longhorns conquistar el campeonato nacional en el Rose Bowl, hasta experimentar el sorprendente triunfo de los Dallas Mavericks sobre el Miami Heat de LeBron James, he tenido la suerte de vivir momentos ic\u00f3nicos en el deporte. Tambi\u00e9n he asistido a dos inolvidables Copas Mundiales de la FIFA en Brasil y Rusia, creando recuerdos que durar\u00e1n toda la vida.<\/p>\n\n\n\n\n\n<p><\/p>","protected":false},"excerpt":{"rendered":"<p>Unforgettable trips tailored to our customer&#8217;s needs Our Mission At SportsXplore Travel, our mission is to provide you with unforgettable travel experiences tailored to our customer&#8217;s interests and needs. We believe travel has the power to transform and enrich our lives, and we are committed to making it accessible to everyone, as well as giving [&hellip;]<\/p>\n","protected":false},"author":1,"featured_media":97,"parent":0,"menu_order":0,"comment_status":"closed","ping_status":"closed","template":"","meta":{"footnotes":""},"class_list":["post-19","page","type-page","status-publish","has-post-thumbnail","hentry"],"_links":{"self":[{"href":"https:\/\/sportsxtravel.com\/es\/wp-json\/wp\/v2\/pages\/19","targetHints":{"allow":["GET"]}}],"collection":[{"href":"https:\/\/sportsxtravel.com\/es\/wp-json\/wp\/v2\/pages"}],"about":[{"href":"https:\/\/sportsxtravel.com\/es\/wp-json\/wp\/v2\/types\/page"}],"author":[{"embeddable":true,"href":"https:\/\/sportsxtravel.com\/es\/wp-json\/wp\/v2\/users\/1"}],"replies":[{"embeddable":true,"href":"https:\/\/sportsxtravel.com\/es\/wp-json\/wp\/v2\/comments?post=19"}],"version-history":[{"count":5,"href":"https:\/\/sportsxtravel.com\/es\/wp-json\/wp\/v2\/pages\/19\/revisions"}],"predecessor-version":[{"id":441,"href":"https:\/\/sportsxtravel.com\/es\/wp-json\/wp\/v2\/pages\/19\/revisions\/441"}],"wp:featuredmedia":[{"embeddable":true,"href":"https:\/\/sportsxtravel.com\/es\/wp-json\/wp\/v2\/media\/97"}],"wp:attachment":[{"href":"https:\/\/sportsxtravel.com\/es\/wp-json\/wp\/v2\/media?parent=19"}],"curies":[{"name":"wp","href":"https:\/\/api.w.org\/{rel}","templated":true}]}}