{"id":24,"date":"2024-09-25T00:44:10","date_gmt":"2024-09-25T00:44:10","guid":{"rendered":"https:\/\/sportsxtravel.com\/?page_id=24"},"modified":"2025-01-05T04:32:52","modified_gmt":"2025-01-05T04:32:52","slug":"packages","status":"publish","type":"page","link":"https:\/\/sportsxtravel.com\/es\/packages\/","title":{"rendered":"Sports Event Packages"},"content":{"rendered":"<h2 class=\"wp-block-heading\">All Our Exclusive Sports and Event Packages Include:<\/h2>\n\n\n\n<ul class=\"wp-block-list\">\n<li><strong>Experiencia Personalizada<\/strong>: Olv\u00eddate de los tours est\u00e1ndar. Nosotros personalizamos cada detalle para que tu viaje sea \u00fanico e inolvidable, hecho a tu medida.<\/li>\n\n\n\n<li><strong>Asientos a Tu Elecci\u00f3n<\/strong>: Ya sea un partido de NFL, NCAA, NBA, f\u00fatbol o cualquier otro deporte, tienes la libertad de elegir los mejores asientos para disfrutar la acci\u00f3n desde la vista que prefieras<\/li>\n\n\n\n<li><strong>Alojamiento Premium<\/strong>: Hosp\u00e9date en hoteles de 3 a 4 estrellas o m\u00e1s, seg\u00fan tu preferencia. Nos enorgullece trabajar con reconocidas marcas hoteleras como Marriott, Hilton y Sheraton, para garantizarte una estancia c\u00f3moda y de lujo.<\/li>\n\n\n\n<li><strong>Transporte Seguro y Flexible<\/strong>: Ofrecemos una variedad de opciones de transporte, desde Uber hasta servicios privados, autos de alquiler, vans compartidas, y m\u00e1s. Sea cual sea tu preferencia, nos aseguramos de que tengas un viaje seguro y conveniente en todo momento.<\/li>\n\n\n\n<li><strong>Tours Exclusivos<\/strong>: Mejora tu experiencia con tours como el del ic\u00f3nico AT&amp;T Stadium o cualquier tour disponible en el estadio de tu elecci\u00f3n. Estas experiencias te dan una vista privilegiada de los recintos deportivos m\u00e1s famosos.<\/li>\n<\/ul>\n\n\n\n<h2 class=\"wp-block-heading\">Conciertos y Festivales: <\/h2>\n\n\n\n<p>\u00bfQuieres asistir a un concierto o festival en EE.UU.? \u00a1Te tenemos cubierto! Desde los festivales de m\u00fasica m\u00e1s importantes hasta conciertos en vivo de tus artistas favoritos, ofrecemos paquetes que incluyen entradas, alojamiento y transporte, para que disfrutes al m\u00e1ximo de la experiencia.<\/p>\n\n\n\n<h2 class=\"wp-block-heading\">Paquetes Premium para Eventos: <\/h2>\n\n\n\n<p>Para quienes buscan una experiencia de primer nivel, ofrecemos paquetes premium para eventos de clase mundial como el Super Bowl, F\u00f3rmula 1, Champions League, Mundial, Mundial de Clubes y los Juegos Ol\u00edmpicos, a trav\u00e9s de nuestro proveedor preferido, <strong>Road Trips<\/strong>, el l\u00edder mundial en paquetes deportivos premium.<\/p>\n\n\n\n<h2 class=\"wp-block-heading\">\u00a1Paquetes Premium para el Mundial 2026 \u2013 Pr\u00f3ximamente! <\/h2>\n\n\n\n<p><\/p>\n\n\n\n<h2 class=\"wp-block-heading has-text-align-center\"><strong>Comun\u00edquese con nosotros para planear su pr\u00f3ximo viaje<\/strong><\/h2>\n\n\n\n<p class=\"has-text-align-center\"><\/p>\n\n\n\n\n\n<iframe loading=\"lazy\" src=\"https:\/\/docs.google.com\/forms\/d\/e\/1FAIpQLSdxVEn0LVZXloIrxJMJ07xdHnaMabqMo9WCfK_b9iSZAWYOxA\/viewform?embedded=true\" width=\"800\" height=\"4016\" frameborder=\"0\" marginheight=\"0\" marginwidth=\"0\">Loading\u2026<\/iframe>\n\n\n\n\n<p><\/p>","protected":false},"excerpt":{"rendered":"<p>All Our Exclusive Sports and Event Packages Include: Concerts &amp; Festivals: Looking to attend a concert or festival in the U.S.? We\u2019ve got you covered! From top music festivals to live concerts featuring your favorite artists, we offer packages that include tickets, accommodation, and transportation so you can fully enjoy the experience. Premium Event Packages: [&hellip;]<\/p>\n","protected":false},"author":1,"featured_media":130,"parent":0,"menu_order":0,"comment_status":"closed","ping_status":"closed","template":"","meta":{"footnotes":""},"class_list":["post-24","page","type-page","status-publish","has-post-thumbnail","hentry"],"_links":{"self":[{"href":"https:\/\/sportsxtravel.com\/es\/wp-json\/wp\/v2\/pages\/24","targetHints":{"allow":["GET"]}}],"collection":[{"href":"https:\/\/sportsxtravel.com\/es\/wp-json\/wp\/v2\/pages"}],"about":[{"href":"https:\/\/sportsxtravel.com\/es\/wp-json\/wp\/v2\/types\/page"}],"author":[{"embeddable":true,"href":"https:\/\/sportsxtravel.com\/es\/wp-json\/wp\/v2\/users\/1"}],"replies":[{"embeddable":true,"href":"https:\/\/sportsxtravel.com\/es\/wp-json\/wp\/v2\/comments?post=24"}],"version-history":[{"count":3,"href":"https:\/\/sportsxtravel.com\/es\/wp-json\/wp\/v2\/pages\/24\/revisions"}],"predecessor-version":[{"id":509,"href":"https:\/\/sportsxtravel.com\/es\/wp-json\/wp\/v2\/pages\/24\/revisions\/509"}],"wp:featuredmedia":[{"embeddable":true,"href":"https:\/\/sportsxtravel.com\/es\/wp-json\/wp\/v2\/media\/130"}],"wp:attachment":[{"href":"https:\/\/sportsxtravel.com\/es\/wp-json\/wp\/v2\/media?parent=24"}],"curies":[{"name":"wp","href":"https:\/\/api.w.org\/{rel}","templated":true}]}}