{"id":26,"date":"2024-09-25T00:44:37","date_gmt":"2024-09-25T00:44:37","guid":{"rendered":"https:\/\/sportsxtravel.com\/?page_id=26"},"modified":"2025-01-28T16:48:36","modified_gmt":"2025-01-28T16:48:36","slug":"team-travel","status":"publish","type":"page","link":"https:\/\/sportsxtravel.com\/es\/team-travel\/","title":{"rendered":"Team Xplore Travel"},"content":{"rendered":"<h2 class=\"wp-block-heading\">Organizaci\u00f3n especializada de viajes en equipo dise\u00f1ada para equipos deportivos juveniles.<\/h2>\n\n\n\n<p>At SportsXplore Travel, we understand that traveling as a team goes beyond merely reaching a destination. It\u2019s about paving the way for success, both on and off the field. That\u2019s why we\u2019ve created \u201cTeam Xplore Travel,\u201d a specialized service for youth soccer, baseball, basketball, volleyball, gymnastics and cheer&nbsp;teams traveling to friendlies, league play or tournament. We provide hassle-free, affordable and profitable Travel Management for Youth Sports teams.<\/p>\n\n\n\n<h3 class=\"wp-block-heading\">\u00bfQu\u00e9 ofrecemos?<\/h3>\n\n\n\n<p>1. <strong>Organizaci\u00f3n Integral de Viajes:<\/strong> Ofrecemos una planificaci\u00f3n de viajes completa, que incluye alojamiento y transporte, para que los entrenadores y \"team managers\" no tengan que contactar m\u00faltiples hoteles ni negociar tarifas. \u00a1Nosotros hacemos el trabajo por ti!<\/p>\n\n\n\n<p>2. <strong>Experiencia Integral<\/strong>: Nos encargamos de todos los aspectos log\u00edsticos del viaje, incluyendo la planificaci\u00f3n previa, el transporte terrestre y a\u00e9reo, y el alojamiento en hoteles. Adem\u00e1s, contamos con un sistema de pago centralizado que ofrece diversas formas de pago, incluidas opciones de financiamiento, para que los padres puedan minimizar el impacto econ\u00f3mico. Tambi\u00e9n apoyamos a los gerentes de equipo con la comunicaci\u00f3n hacia los padres, evitando que tengan que enviar m\u00faltiples recordatorios.<\/p>\n\n\n\n<p>3. <strong>Nuestros servicios son gratis y compartimos las utilidades con los equipos:<\/strong> Nuestros servicios <strong>son GRATIS, SI, GRATIS!<\/strong> Aprovechamos nuestras relaciones para obtener descuentos grupales al por mayor, los padres pagan precios justos y devolvemos un porcentaje de los ingresos por cada reservaci\u00f3n. \u00a1Cont\u00e1ctanos para m\u00e1s detalles!<\/p>\n\n\n\n<p>4. <strong>Informe de Resultados<\/strong> Creamos un reporte para cada reservaci\u00f3n, compartiendo detalles sobre los ingresos proyectados, para que los clubes puedan planificar y financiar otras actividades con esta nueva fuente de ingresos. <\/p>\n\n\n\n<h3 class=\"wp-block-heading\">Compromiso con la Transparencia y la Excelencia:<\/h3>\n\n\n\n<p>En SportsXplore Travel, nuestra pasi\u00f3n por los deportes y nuestro compromiso con la excelencia nos impulsan a ofrecer experiencias de viaje que no solo cumplen, sino que superan las expectativas de nuestros clientes. Con Team Travel, tu equipo puede esperar una comunicaci\u00f3n clara y un alto nivel de profesionalismo en todo lo que hacemos.<\/p>\n\n\n\n<p>Llena nuestro <a href=\"https:\/\/sportsxtravel.com\/es\/book-now\/\">formulario de reservas <\/a>para mayores informe, o simplemente ll\u00e1manos<\/p>\n\n\n\n<p><\/p>\n\n\n\n<div class=\"wp-block-cover is-light has-custom-content-position is-position-center-left\" style=\"border-width:4px;border-radius:22px;padding-top:var(--wp--preset--spacing--20);padding-right:var(--wp--preset--spacing--20);padding-bottom:var(--wp--preset--spacing--20);padding-left:var(--wp--preset--spacing--20)\"><span aria-hidden=\"true\" class=\"wp-block-cover__background has-background-dim-30 has-background-dim\"><\/span><div class=\"wp-block-cover__inner-container is-layout-constrained wp-container-core-cover-is-layout-4fbfba58 wp-block-cover-is-layout-constrained\">\n<div class=\"wp-block-group is-vertical is-layout-flex wp-container-core-group-is-layout-fe9cc265 wp-block-group-is-layout-flex\">\n<figure class=\"wp-block-gallery has-nested-images columns-3 is-cropped wp-block-gallery-2 is-layout-flex wp-block-gallery-is-layout-flex\">\n<figure class=\"wp-block-image aligncenter size-large has-custom-border is-style-rounded wp-duotone-unset-1\"><a href=\"https:\/\/sportsxtravel.com\/wp-content\/uploads\/2024\/10\/TeamTravel9.jpg\" data-rel=\"lightbox-image-0\" data-imagelightbox=\"0\" data-rl_title=\"\" data-rl_caption=\"\" title=\"\"><img loading=\"lazy\" decoding=\"async\" width=\"1024\" height=\"497\" data-id=\"161\" src=\"https:\/\/sportsxtravel.com\/wp-content\/uploads\/2024\/10\/TeamTravel9-1024x497.jpg\" alt=\"\" class=\"wp-image-161\" style=\"border-style:none;border-width:0px;border-radius:22px\" srcset=\"https:\/\/sportsxtravel.com\/wp-content\/uploads\/2024\/10\/TeamTravel9-1024x497.jpg 1024w, https:\/\/sportsxtravel.com\/wp-content\/uploads\/2024\/10\/TeamTravel9-300x146.jpg 300w, https:\/\/sportsxtravel.com\/wp-content\/uploads\/2024\/10\/TeamTravel9-768x373.jpg 768w, https:\/\/sportsxtravel.com\/wp-content\/uploads\/2024\/10\/TeamTravel9-1536x746.jpg 1536w, https:\/\/sportsxtravel.com\/wp-content\/uploads\/2024\/10\/TeamTravel9-18x9.jpg 18w, https:\/\/sportsxtravel.com\/wp-content\/uploads\/2024\/10\/TeamTravel9.jpg 1600w\" sizes=\"auto, (max-width: 1024px) 100vw, 1024px\" \/><\/a><\/figure>\n\n\n\n<figure class=\"wp-block-image size-large has-custom-border\"><a href=\"https:\/\/sportsxtravel.com\/wp-content\/uploads\/2024\/11\/Photo-team.jpg\" data-rel=\"lightbox-image-1\" data-imagelightbox=\"1\" data-rl_title=\"\" data-rl_caption=\"\" title=\"\"><img loading=\"lazy\" decoding=\"async\" width=\"1024\" height=\"768\" data-id=\"388\" src=\"https:\/\/sportsxtravel.com\/wp-content\/uploads\/2024\/11\/Photo-team-1024x768.jpg\" alt=\"\" class=\"wp-image-388\" style=\"border-radius:22px\" srcset=\"https:\/\/sportsxtravel.com\/wp-content\/uploads\/2024\/11\/Photo-team-1024x768.jpg 1024w, https:\/\/sportsxtravel.com\/wp-content\/uploads\/2024\/11\/Photo-team-300x225.jpg 300w, https:\/\/sportsxtravel.com\/wp-content\/uploads\/2024\/11\/Photo-team-768x576.jpg 768w, https:\/\/sportsxtravel.com\/wp-content\/uploads\/2024\/11\/Photo-team-1536x1152.jpg 1536w, https:\/\/sportsxtravel.com\/wp-content\/uploads\/2024\/11\/Photo-team-16x12.jpg 16w, https:\/\/sportsxtravel.com\/wp-content\/uploads\/2024\/11\/Photo-team.jpg 2048w\" sizes=\"auto, (max-width: 1024px) 100vw, 1024px\" \/><\/a><\/figure>\n\n\n\n<figure class=\"wp-block-image size-large has-custom-border\"><a href=\"https:\/\/sportsxtravel.com\/wp-content\/uploads\/2024\/10\/TeamTravel7.jpg\" data-rel=\"lightbox-image-2\" data-imagelightbox=\"2\" data-rl_title=\"\" data-rl_caption=\"\" title=\"\"><img decoding=\"async\" data-id=\"167\" src=\"https:\/\/sportsxtravel.com\/wp-content\/uploads\/2024\/10\/TeamTravel7-768x1024.jpg\" alt=\"\" class=\"wp-image-167\" style=\"border-radius:22px\"\/><\/a><\/figure>\n\n\n\n<figure class=\"wp-block-image size-medium has-custom-border\"><a href=\"https:\/\/sportsxtravel.com\/wp-content\/uploads\/2024\/11\/Photo-team-3.jpg\" data-rel=\"lightbox-image-3\" data-imagelightbox=\"3\" data-rl_title=\"\" data-rl_caption=\"\" title=\"\"><img loading=\"lazy\" decoding=\"async\" width=\"300\" height=\"225\" data-id=\"390\" src=\"https:\/\/sportsxtravel.com\/wp-content\/uploads\/2024\/11\/Photo-team-3-300x225.jpg\" alt=\"\" class=\"wp-image-390\" style=\"border-radius:22px\" srcset=\"https:\/\/sportsxtravel.com\/wp-content\/uploads\/2024\/11\/Photo-team-3-300x225.jpg 300w, https:\/\/sportsxtravel.com\/wp-content\/uploads\/2024\/11\/Photo-team-3-1024x768.jpg 1024w, https:\/\/sportsxtravel.com\/wp-content\/uploads\/2024\/11\/Photo-team-3-768x576.jpg 768w, https:\/\/sportsxtravel.com\/wp-content\/uploads\/2024\/11\/Photo-team-3-1536x1152.jpg 1536w, https:\/\/sportsxtravel.com\/wp-content\/uploads\/2024\/11\/Photo-team-3-16x12.jpg 16w, https:\/\/sportsxtravel.com\/wp-content\/uploads\/2024\/11\/Photo-team-3.jpg 2048w\" sizes=\"auto, (max-width: 300px) 100vw, 300px\" \/><\/a><\/figure>\n\n\n\n<figure class=\"wp-block-image size-full has-custom-border\"><a href=\"https:\/\/sportsxtravel.com\/wp-content\/uploads\/2025\/01\/GFI-photo.png\" data-rel=\"lightbox-image-4\" data-imagelightbox=\"4\" data-rl_title=\"\" data-rl_caption=\"\" title=\"\"><img loading=\"lazy\" decoding=\"async\" width=\"741\" height=\"722\" data-id=\"518\" src=\"https:\/\/sportsxtravel.com\/wp-content\/uploads\/2025\/01\/GFI-photo.png\" alt=\"\" class=\"wp-image-518\" style=\"border-radius:22px\" srcset=\"https:\/\/sportsxtravel.com\/wp-content\/uploads\/2025\/01\/GFI-photo.png 741w, https:\/\/sportsxtravel.com\/wp-content\/uploads\/2025\/01\/GFI-photo-300x292.png 300w, https:\/\/sportsxtravel.com\/wp-content\/uploads\/2025\/01\/GFI-photo-12x12.png 12w\" sizes=\"auto, (max-width: 741px) 100vw, 741px\" \/><\/a><\/figure>\n\n\n\n<figure class=\"wp-block-image size-large has-custom-border\"><a href=\"https:\/\/sportsxtravel.com\/wp-content\/uploads\/2024\/10\/TeamTravel4.jpg\" data-rel=\"lightbox-image-5\" data-imagelightbox=\"5\" data-rl_title=\"\" data-rl_caption=\"\" title=\"\"><img loading=\"lazy\" decoding=\"async\" width=\"1024\" height=\"577\" data-id=\"165\" src=\"https:\/\/sportsxtravel.com\/wp-content\/uploads\/2024\/10\/TeamTravel4-1024x577.jpg\" alt=\"\" class=\"wp-image-165\" style=\"border-radius:22px\" srcset=\"https:\/\/sportsxtravel.com\/wp-content\/uploads\/2024\/10\/TeamTravel4-1024x577.jpg 1024w, https:\/\/sportsxtravel.com\/wp-content\/uploads\/2024\/10\/TeamTravel4-300x169.jpg 300w, https:\/\/sportsxtravel.com\/wp-content\/uploads\/2024\/10\/TeamTravel4-768x432.jpg 768w, https:\/\/sportsxtravel.com\/wp-content\/uploads\/2024\/10\/TeamTravel4-1536x865.jpg 1536w, https:\/\/sportsxtravel.com\/wp-content\/uploads\/2024\/10\/TeamTravel4-18x10.jpg 18w, https:\/\/sportsxtravel.com\/wp-content\/uploads\/2024\/10\/TeamTravel4.jpg 2000w\" sizes=\"auto, (max-width: 1024px) 100vw, 1024px\" \/><\/a><\/figure>\n\n\n\n<figure class=\"wp-block-image aligncenter size-large has-custom-border\"><a href=\"https:\/\/sportsxtravel.com\/wp-content\/uploads\/2024\/10\/TeamTravel3-1.jpg\" data-rel=\"lightbox-image-6\" data-imagelightbox=\"6\" data-rl_title=\"\" data-rl_caption=\"\" title=\"\"><img loading=\"lazy\" decoding=\"async\" width=\"1024\" height=\"473\" data-id=\"162\" src=\"https:\/\/sportsxtravel.com\/wp-content\/uploads\/2024\/10\/TeamTravel3-1-1024x473.jpg\" alt=\"\" class=\"wp-image-162\" style=\"border-radius:22px\" srcset=\"https:\/\/sportsxtravel.com\/wp-content\/uploads\/2024\/10\/TeamTravel3-1-1024x473.jpg 1024w, https:\/\/sportsxtravel.com\/wp-content\/uploads\/2024\/10\/TeamTravel3-1-300x139.jpg 300w, https:\/\/sportsxtravel.com\/wp-content\/uploads\/2024\/10\/TeamTravel3-1-768x355.jpg 768w, https:\/\/sportsxtravel.com\/wp-content\/uploads\/2024\/10\/TeamTravel3-1-1536x710.jpg 1536w, https:\/\/sportsxtravel.com\/wp-content\/uploads\/2024\/10\/TeamTravel3-1-18x8.jpg 18w, https:\/\/sportsxtravel.com\/wp-content\/uploads\/2024\/10\/TeamTravel3-1.jpg 2000w\" sizes=\"auto, (max-width: 1024px) 100vw, 1024px\" \/><\/a><\/figure>\n\n\n\n<figure class=\"wp-block-image aligncenter size-large has-custom-border\"><a href=\"https:\/\/sportsxtravel.com\/wp-content\/uploads\/2025\/01\/472067850_9180154722047712_5753772146432744143_n.jpg\" data-rel=\"lightbox-image-7\" data-imagelightbox=\"7\" data-rl_title=\"\" data-rl_caption=\"\" title=\"\"><img loading=\"lazy\" decoding=\"async\" width=\"1024\" height=\"829\" data-id=\"511\" src=\"https:\/\/sportsxtravel.com\/wp-content\/uploads\/2025\/01\/472067850_9180154722047712_5753772146432744143_n-1024x829.jpg\" alt=\"\" class=\"wp-image-511\" style=\"border-radius:22px\" srcset=\"https:\/\/sportsxtravel.com\/wp-content\/uploads\/2025\/01\/472067850_9180154722047712_5753772146432744143_n-1024x829.jpg 1024w, https:\/\/sportsxtravel.com\/wp-content\/uploads\/2025\/01\/472067850_9180154722047712_5753772146432744143_n-300x243.jpg 300w, https:\/\/sportsxtravel.com\/wp-content\/uploads\/2025\/01\/472067850_9180154722047712_5753772146432744143_n-768x622.jpg 768w, https:\/\/sportsxtravel.com\/wp-content\/uploads\/2025\/01\/472067850_9180154722047712_5753772146432744143_n-1536x1244.jpg 1536w, https:\/\/sportsxtravel.com\/wp-content\/uploads\/2025\/01\/472067850_9180154722047712_5753772146432744143_n-15x12.jpg 15w, https:\/\/sportsxtravel.com\/wp-content\/uploads\/2025\/01\/472067850_9180154722047712_5753772146432744143_n.jpg 2048w\" sizes=\"auto, (max-width: 1024px) 100vw, 1024px\" \/><\/a><\/figure>\n\n\n\n<figure class=\"wp-block-image aligncenter size-large has-custom-border\"><a href=\"https:\/\/sportsxtravel.com\/wp-content\/uploads\/2024\/10\/TeamTravel1.jpg\" data-rel=\"lightbox-image-8\" data-imagelightbox=\"8\" data-rl_title=\"\" data-rl_caption=\"\" title=\"\"><img loading=\"lazy\" decoding=\"async\" width=\"1024\" height=\"768\" data-id=\"164\" src=\"https:\/\/sportsxtravel.com\/wp-content\/uploads\/2024\/10\/TeamTravel1-1024x768.jpg\" alt=\"\" class=\"wp-image-164\" style=\"border-radius:22px\" srcset=\"https:\/\/sportsxtravel.com\/wp-content\/uploads\/2024\/10\/TeamTravel1-1024x768.jpg 1024w, https:\/\/sportsxtravel.com\/wp-content\/uploads\/2024\/10\/TeamTravel1-300x225.jpg 300w, https:\/\/sportsxtravel.com\/wp-content\/uploads\/2024\/10\/TeamTravel1-768x576.jpg 768w, https:\/\/sportsxtravel.com\/wp-content\/uploads\/2024\/10\/TeamTravel1-1536x1152.jpg 1536w, https:\/\/sportsxtravel.com\/wp-content\/uploads\/2024\/10\/TeamTravel1-16x12.jpg 16w, https:\/\/sportsxtravel.com\/wp-content\/uploads\/2024\/10\/TeamTravel1.jpg 2000w\" sizes=\"auto, (max-width: 1024px) 100vw, 1024px\" \/><\/a><\/figure>\n<\/figure>\n<\/div>\n<\/div><\/div>\n\n\n\n<p><\/p>","protected":false},"excerpt":{"rendered":"<p>Team Xplore Travel<\/p>","protected":false},"author":1,"featured_media":0,"parent":0,"menu_order":0,"comment_status":"closed","ping_status":"closed","template":"","meta":{"footnotes":""},"class_list":["post-26","page","type-page","status-publish","hentry"],"_links":{"self":[{"href":"https:\/\/sportsxtravel.com\/es\/wp-json\/wp\/v2\/pages\/26","targetHints":{"allow":["GET"]}}],"collection":[{"href":"https:\/\/sportsxtravel.com\/es\/wp-json\/wp\/v2\/pages"}],"about":[{"href":"https:\/\/sportsxtravel.com\/es\/wp-json\/wp\/v2\/types\/page"}],"author":[{"embeddable":true,"href":"https:\/\/sportsxtravel.com\/es\/wp-json\/wp\/v2\/users\/1"}],"replies":[{"embeddable":true,"href":"https:\/\/sportsxtravel.com\/es\/wp-json\/wp\/v2\/comments?post=26"}],"version-history":[{"count":11,"href":"https:\/\/sportsxtravel.com\/es\/wp-json\/wp\/v2\/pages\/26\/revisions"}],"predecessor-version":[{"id":519,"href":"https:\/\/sportsxtravel.com\/es\/wp-json\/wp\/v2\/pages\/26\/revisions\/519"}],"wp:attachment":[{"href":"https:\/\/sportsxtravel.com\/es\/wp-json\/wp\/v2\/media?parent=26"}],"curies":[{"name":"wp","href":"https:\/\/api.w.org\/{rel}","templated":true}]}}