{"id":28,"date":"2024-09-25T00:44:59","date_gmt":"2024-09-25T00:44:59","guid":{"rendered":"https:\/\/sportsxtravel.com\/?page_id=28"},"modified":"2024-11-06T23:37:56","modified_gmt":"2024-11-06T23:37:56","slug":"frequently-asked-questions","status":"publish","type":"page","link":"https:\/\/sportsxtravel.com\/es\/frequently-asked-questions\/","title":{"rendered":"Preguntas Frecuentes"},"content":{"rendered":"<h2 class=\"wp-block-heading\">\u00bfQu\u00e9 destinos ofrece SportsXplore Travel?<\/h2>\n\n\n\n<p>Ofrecemos una amplia gama de destinos en distintas ciudades de EU y Europa, pero nos especializamos en los equipos de Dallas- Ft Worth, como los Cowboys, Mavs, Rangers, Stars, FC Dallas, Houston Astros y Texas Longhorns en Austin.<\/p>\n\n\n\n<h2 class=\"wp-block-heading\">\u00bfQu\u00e9 tipo de eventos puedo esperar experimentar con su agencia?<\/h2>\n\n\n\n<p>Desde partidos de temporada regular, playoffs, hasta eventos \u00fanicos como peleas de box, partidos de tenis, eventos de gimnasia, partidos de futbol, y conciertos. Tambi\u00e9n tenemos acceso eventos exclusivos y de primer nivel como el Masters, Kentucky Derby, NCAA Final Four y Superbowl por medio de una alianza estrat\u00e9gica con RoadTrips.<\/p>\n\n\n\n<h2 class=\"wp-block-heading\">\u00bfC\u00f3mo puedo reservar un paquete de viaje con ustedes?<\/h2>\n\n\n\n<p>Puedes reservar tu paquete de viaje f\u00e1cilmente a trav\u00e9s de nuestro sitio web, en el \u00e1rea de contacto, por WhatsApp o envi\u00e1ndonos un correo electr\u00f3nico. Cuando nos contactes, simplemente menciona tu destino, fecha de viaje, equipo o evento de inter\u00e9s, n\u00famero de personas, y estaremos encantados de ayudarte a explorar las distintas opciones para concretar tu reserva.<\/p>\n\n\n\n\n<a href=\"https:\/\/sportsxtravel.com\/es\/book-now\/\">Llene aqu\u00ed nuestro formulario para reservar<\/a>\n\n\n\n<p><\/p>\n\n\n\n<h2 class=\"wp-block-heading\">\u00bfQu\u00e9 est\u00e1 incluido en sus paquetes de viaje deportivo?<\/h2>\n\n\n\n<p>Nuestros paquetes de viaje deportivo suelen incluir alojamiento en hoteles de calidad, entradas para eventos, transporte terrestre seg\u00fan sea necesario y la asistencia de un gu\u00eda experto antes y durante tu viaje.<\/p>\n\n\n\n<h2 class=\"wp-block-heading\">\u00bfPuedo personalizar mi itinerario de viaje deportivo?<\/h2>\n\n\n\n<p>\u00a1Por supuesto! Nos especializamos en itinerarios personalizados y podemos adaptar tu viaje seg\u00fan tus intereses, preferencias y presupuesto espec\u00edficos. \u00a1Solo dinos qu\u00e9 tienes en mente y nos encargaremos del resto!<\/p>\n\n\n\n<h2 class=\"wp-block-heading\">\u00bfQu\u00e9 tipo de alojamiento ofrecen durante los viajes deportivos?<\/h2>\n\n\n\n<p>Trabajamos con una variedad de hoteles que van desde opciones econ\u00f3micas hasta hoteles de lujo, seg\u00fan tus preferencias y presupuesto. Siempre nos esforzamos por proporcionar alojamientos c\u00f3modos y convenientes durante tu viaje, pero sobre todo hoteles que est\u00e9n cerca de \u00e1reas para caminar, restaurantes, parques, para que nuestros clientes se sientan inmersos en la cultura de la ciudad que visitan.<\/p>\n\n\n\n<h2 class=\"wp-block-heading\">\u00bfC\u00f3mo manejan las entradas a los eventos deportivos en sus paquetes de viaje?<\/h2>\n\n\n\n<p>Nosotros nos encargamos de todas las entradas a los eventos deportivos incluidos en tu paquete de viaje. Garantizamos asientos de calidad y te entregamos las entradas antes del evento (normalmente v\u00eda m\u00f3vil o correo electr\u00f3nico) para que puedas disfrutarlo sin preocupaciones.<\/p>\n\n\n\n<h2 class=\"wp-block-heading\">\u00bfOfrecen servicios de transporte durante los viajes deportivos?<\/h2>\n\n\n\n<p>S\u00ed, proporcionamos transporte terrestre seguro y confiable durante todo tu viaje deportivo. Ya sea que necesites traslados desde el aeropuerto, transporte a los eventos deportivos o excursiones locales, nosotros nos encargamos de todo.<\/p>\n\n\n\n<h2 class=\"wp-block-heading\">\u00bfCu\u00e1l es su pol\u00edtica de cancelaci\u00f3n y reembolso?<\/h2>\n\n\n\n<p>Nuestra pol\u00edtica de cancelaci\u00f3n y reembolso var\u00eda seg\u00fan el paquete de viaje y las condiciones espec\u00edficas del proveedor. Siempre te informaremos sobre nuestras pol\u00edticas al momento de realizar la reserva y estaremos disponibles para responder cualquier pregunta que puedas tener.<\/p>\n\n\n\n<h2 class=\"wp-block-heading\">\u00bfC\u00f3mo puedo ponerme en contacto con su equipo si tengo alguna pregunta o inquietud durante mi viaje deportivo?<\/h2>\n\n\n\n<p>Puedes comunicarte con nuestro equipo de atenci\u00f3n al cliente en cualquier momento a trav\u00e9s de correo electr\u00f3nico, tel\u00e9fono, WhatsApp o mensaje en redes sociales. Estamos aqu\u00ed para ayudarte antes, durante y despu\u00e9s de tu viaje, as\u00ed que no dudes en contactarnos si necesitas asistencia.<\/p>","protected":false},"excerpt":{"rendered":"<p>What sports destinations does SportsXplore Travel offer? We offer a wide range of destinations in various cities across the U.S. and Europe, but we specialize in the Dallas-Ft Worth teams, such as the Cowboys, Mavs, Rangers, Stars, FC Dallas, Houston Astros, and Texas Longhorns in Austin. What type of events can I expect to experience [&hellip;]<\/p>\n","protected":false},"author":1,"featured_media":161,"parent":0,"menu_order":0,"comment_status":"closed","ping_status":"closed","template":"","meta":{"footnotes":""},"class_list":["post-28","page","type-page","status-publish","has-post-thumbnail","hentry"],"_links":{"self":[{"href":"https:\/\/sportsxtravel.com\/es\/wp-json\/wp\/v2\/pages\/28","targetHints":{"allow":["GET"]}}],"collection":[{"href":"https:\/\/sportsxtravel.com\/es\/wp-json\/wp\/v2\/pages"}],"about":[{"href":"https:\/\/sportsxtravel.com\/es\/wp-json\/wp\/v2\/types\/page"}],"author":[{"embeddable":true,"href":"https:\/\/sportsxtravel.com\/es\/wp-json\/wp\/v2\/users\/1"}],"replies":[{"embeddable":true,"href":"https:\/\/sportsxtravel.com\/es\/wp-json\/wp\/v2\/comments?post=28"}],"version-history":[{"count":1,"href":"https:\/\/sportsxtravel.com\/es\/wp-json\/wp\/v2\/pages\/28\/revisions"}],"predecessor-version":[{"id":357,"href":"https:\/\/sportsxtravel.com\/es\/wp-json\/wp\/v2\/pages\/28\/revisions\/357"}],"wp:featuredmedia":[{"embeddable":true,"href":"https:\/\/sportsxtravel.com\/es\/wp-json\/wp\/v2\/media\/161"}],"wp:attachment":[{"href":"https:\/\/sportsxtravel.com\/es\/wp-json\/wp\/v2\/media?parent=28"}],"curies":[{"name":"wp","href":"https:\/\/api.w.org\/{rel}","templated":true}]}}